{"id":11212,"date":"2024-02-01T22:26:26","date_gmt":"2024-02-01T21:26:26","guid":{"rendered":"https:\/\/www.barapark.es\/notfound\/"},"modified":"2024-07-24T16:48:53","modified_gmt":"2024-07-24T14:48:53","slug":"notfound","status":"publish","type":"page","link":"https:\/\/www.barapark.es\/ca\/notfound\/","title":{"rendered":"notfound"},"content":{"rendered":"\t\t<div data-elementor-type=\"wp-page\" data-elementor-id=\"11212\" class=\"elementor elementor-11212 elementor-2792\">\n\t\t\t\t\t\t<section class=\"elementor-section elementor-top-section elementor-element elementor-element-b94fb64 elementor-section-height-min-height cs-section-content-fullwidth cs-parallax-on-scroll cs_scroll_y_80 elementor-section-boxed elementor-section-height-default elementor-section-items-middle\" data-id=\"b94fb64\" data-element_type=\"section\" data-e-type=\"section\" data-settings=\"{&quot;background_background&quot;:&quot;classic&quot;}\" data-cs-parallax-y=\"80\" style=\"background-image: none;\" data-cs-background-image=\"https:\/\/www.barapark.es\/wp-content\/uploads\/2024\/02\/404.png\">\n\t\t\t\t\t\t<div class=\"elementor-container elementor-column-gap-no\">\n\t\t\t\t\t<div class=\"elementor-column elementor-col-100 elementor-top-column elementor-element elementor-element-d9c1d37 dark-color\" data-id=\"d9c1d37\" data-element_type=\"column\" data-e-type=\"column\">\n\t\t\t<div class=\"elementor-widget-wrap elementor-element-populated\">\n\t\t\t\t\t\t<div class=\"elementor-element elementor-element-e31f8fa elementor-widget elementor-widget-cs_title\" data-id=\"e31f8fa\" data-element_type=\"widget\" data-e-type=\"widget\" data-widget_type=\"cs_title.default\">\n\t\t\t\t<div class=\"elementor-widget-container\">\n\t\t\t\t\t\n        <div class=\"cs-title-wrap text-center\">\t            <h1 class=\"cs-title\">\n\t                P\u00e0gina no trobada\t            <\/h1>\t            <div class=\"cs-title-text\">\n\t                <p>Ho sentim, per\u00f2 no hem pogut trobar la p\u00e0gina que est\u00e0s buscant. \u00c9s possible que s&#8217;hagi mogut o eliminat. <\/p>\n\t            <\/div>                <div class=\"cs-title-btn\">\n                    <a class=\"button elementor-button-link\" role=\"button\" href=\"\/\">\n                        <span class=\"cs-btn-text\">Et portem a la p\u00e0gina inicialUs portem a la p\u00e0gina d'inici<\/span>                    <\/a>\n                <\/div>\n                    <\/div>\t\t\t\t<\/div>\n\t\t\t\t<\/div>\n\t\t\t\t\t<\/div>\n\t\t<\/div>\n\t\t\t\t\t<\/div>\n\t\t<\/section>\n\t\t\t\t<\/div>\n\t\t","protected":false},"excerpt":{"rendered":"<p>P\u00e0gina no trobada Ho sentim, per\u00f2 no hem pogut trobar la p\u00e0gina que est\u00e0s buscant. \u00c9s possible que s&#8217;hagi mogut o eliminat. Et portem a la p\u00e0gina inicialUs portem a la p\u00e0gina d&#8217;inici<\/p>\n","protected":false},"author":1,"featured_media":0,"parent":0,"menu_order":0,"comment_status":"closed","ping_status":"closed","template":"","meta":{"_acf_changed":false,"om_disable_all_campaigns":false,"_uf_show_specific_survey":0,"_uf_disable_surveys":false,"cozystay_single_page_hide_site_header":"","cozystay_single_page_site_header_source":"","cozystay_single_page_custom_site_header":"0","cozystay_single_page_custom_sticky_site_header":"0","cozystay_single_page_hide_page_title":"","cozystay_single_page_header_section_size":"","cozystay_single_page_header_background_color":"","cozystay_single_page_header_background_position_x":"center","cozystay_single_page_header_background_position_y":"center","cozystay_single_page_header_background_size":"cover","cozystay_single_page_header_background_repeat":"off","cozystay_single_page_header_background_scroll":"on","cozystay_single_page_header_text_color":"","cozystay_single_page_header_show_breadcrumb":"","cozystay_single_page_site_footer_hide_main":"","cozystay_single_custom_site_footer_main_source":"","cozystay_single_custom_site_footer_main":"0","cozystay_single_page_site_footer_hide_above":"","cozystay_single_custom_site_footer_above_source":"","cozystay_single_custom_site_footer_above":"0","cozystay_single_page_site_footer_hide_instagram":"","cozystay_single_page_site_footer_hide_bottom":"","cozystay_single_custom_mobile_menu_source":"","cozystay_single_custom_mobile_menu":"0","cozystay_single_custom_mobile_menu_animation":"","cozystay_single_custom_mobile_menu_width":"","cozystay_single_custom_mobile_menu_custom_width":375,"footnotes":""},"class_list":["post-11212","page","type-page","status-publish","hentry"],"acf":[],"yoast_head":"<!-- This site is optimized with the Yoast SEO Premium plugin v27.2 (Yoast SEO v27.3) - https:\/\/yoast.com\/product\/yoast-seo-premium-wordpress\/ -->\n<title>notfound - Playa Bara - Camping - Caravaning - Bungalows - Spa<\/title>\n<meta name=\"robots\" content=\"index, follow, max-snippet:-1, max-image-preview:large, max-video-preview:-1\" \/>\n<link rel=\"canonical\" href=\"https:\/\/www.barapark.es\/ca\/notfound\/\" \/>\n<meta property=\"og:locale\" content=\"ca_ES\" \/>\n<meta property=\"og:type\" content=\"article\" \/>\n<meta property=\"og:title\" content=\"notfound\" \/>\n<meta property=\"og:description\" content=\"P\u00e0gina no trobada Ho sentim, per\u00f2 no hem pogut trobar la p\u00e0gina que est\u00e0s buscant. \u00c9s possible que s&#8217;hagi mogut o eliminat. Et portem a la p\u00e0gina inicialUs portem a la p\u00e0gina d&#8217;inici\" \/>\n<meta property=\"og:url\" content=\"https:\/\/www.barapark.es\/ca\/notfound\/\" \/>\n<meta property=\"og:site_name\" content=\"Playa Bara - Camping - Caravaning - Bungalows - Spa\" \/>\n<meta property=\"article:modified_time\" content=\"2024-07-24T14:48:53+00:00\" \/>\n<meta name=\"twitter:card\" content=\"summary_large_image\" \/>\n<script type=\"application\/ld+json\" class=\"yoast-schema-graph\">{\"@context\":\"https:\\\/\\\/schema.org\",\"@graph\":[{\"@type\":\"WebPage\",\"@id\":\"https:\\\/\\\/www.barapark.es\\\/ca\\\/notfound\\\/\",\"url\":\"https:\\\/\\\/www.barapark.es\\\/ca\\\/notfound\\\/\",\"name\":\"notfound - Playa Bara - Camping - Caravaning - Bungalows - Spa\",\"isPartOf\":{\"@id\":\"https:\\\/\\\/www.barapark.es\\\/ca\\\/#website\"},\"datePublished\":\"2024-02-01T21:26:26+00:00\",\"dateModified\":\"2024-07-24T14:48:53+00:00\",\"breadcrumb\":{\"@id\":\"https:\\\/\\\/www.barapark.es\\\/ca\\\/notfound\\\/#breadcrumb\"},\"inLanguage\":\"ca\",\"potentialAction\":[{\"@type\":\"ReadAction\",\"target\":[\"https:\\\/\\\/www.barapark.es\\\/ca\\\/notfound\\\/\"]}]},{\"@type\":\"BreadcrumbList\",\"@id\":\"https:\\\/\\\/www.barapark.es\\\/ca\\\/notfound\\\/#breadcrumb\",\"itemListElement\":[{\"@type\":\"ListItem\",\"position\":1,\"name\":\"Portada\",\"item\":\"https:\\\/\\\/www.barapark.es\\\/ca\\\/inici\\\/\"},{\"@type\":\"ListItem\",\"position\":2,\"name\":\"notfound\"}]},{\"@type\":\"WebSite\",\"@id\":\"https:\\\/\\\/www.barapark.es\\\/ca\\\/#website\",\"url\":\"https:\\\/\\\/www.barapark.es\\\/ca\\\/\",\"name\":\"Playa Bara - Camping - Caravaning - Bungalows - Spa\",\"description\":\"\",\"potentialAction\":[{\"@type\":\"SearchAction\",\"target\":{\"@type\":\"EntryPoint\",\"urlTemplate\":\"https:\\\/\\\/www.barapark.es\\\/ca\\\/?s={search_term_string}\"},\"query-input\":{\"@type\":\"PropertyValueSpecification\",\"valueRequired\":true,\"valueName\":\"search_term_string\"}}],\"inLanguage\":\"ca\"}]}<\/script>\n<!-- \/ Yoast SEO Premium plugin. -->","yoast_head_json":{"title":"notfound - Playa Bara - Camping - Caravaning - Bungalows - Spa","robots":{"index":"index","follow":"follow","max-snippet":"max-snippet:-1","max-image-preview":"max-image-preview:large","max-video-preview":"max-video-preview:-1"},"canonical":"https:\/\/www.barapark.es\/ca\/notfound\/","og_locale":"ca_ES","og_type":"article","og_title":"notfound","og_description":"P\u00e0gina no trobada Ho sentim, per\u00f2 no hem pogut trobar la p\u00e0gina que est\u00e0s buscant. \u00c9s possible que s&#8217;hagi mogut o eliminat. Et portem a la p\u00e0gina inicialUs portem a la p\u00e0gina d&#8217;inici","og_url":"https:\/\/www.barapark.es\/ca\/notfound\/","og_site_name":"Playa Bara - Camping - Caravaning - Bungalows - Spa","article_modified_time":"2024-07-24T14:48:53+00:00","twitter_card":"summary_large_image","schema":{"@context":"https:\/\/schema.org","@graph":[{"@type":"WebPage","@id":"https:\/\/www.barapark.es\/ca\/notfound\/","url":"https:\/\/www.barapark.es\/ca\/notfound\/","name":"notfound - Playa Bara - Camping - Caravaning - Bungalows - Spa","isPartOf":{"@id":"https:\/\/www.barapark.es\/ca\/#website"},"datePublished":"2024-02-01T21:26:26+00:00","dateModified":"2024-07-24T14:48:53+00:00","breadcrumb":{"@id":"https:\/\/www.barapark.es\/ca\/notfound\/#breadcrumb"},"inLanguage":"ca","potentialAction":[{"@type":"ReadAction","target":["https:\/\/www.barapark.es\/ca\/notfound\/"]}]},{"@type":"BreadcrumbList","@id":"https:\/\/www.barapark.es\/ca\/notfound\/#breadcrumb","itemListElement":[{"@type":"ListItem","position":1,"name":"Portada","item":"https:\/\/www.barapark.es\/ca\/inici\/"},{"@type":"ListItem","position":2,"name":"notfound"}]},{"@type":"WebSite","@id":"https:\/\/www.barapark.es\/ca\/#website","url":"https:\/\/www.barapark.es\/ca\/","name":"Playa Bara - Camping - Caravaning - Bungalows - Spa","description":"","potentialAction":[{"@type":"SearchAction","target":{"@type":"EntryPoint","urlTemplate":"https:\/\/www.barapark.es\/ca\/?s={search_term_string}"},"query-input":{"@type":"PropertyValueSpecification","valueRequired":true,"valueName":"search_term_string"}}],"inLanguage":"ca"}]}},"_links":{"self":[{"href":"https:\/\/www.barapark.es\/ca\/wp-json\/wp\/v2\/pages\/11212","targetHints":{"allow":["GET"]}}],"collection":[{"href":"https:\/\/www.barapark.es\/ca\/wp-json\/wp\/v2\/pages"}],"about":[{"href":"https:\/\/www.barapark.es\/ca\/wp-json\/wp\/v2\/types\/page"}],"author":[{"embeddable":true,"href":"https:\/\/www.barapark.es\/ca\/wp-json\/wp\/v2\/users\/1"}],"replies":[{"embeddable":true,"href":"https:\/\/www.barapark.es\/ca\/wp-json\/wp\/v2\/comments?post=11212"}],"version-history":[{"count":1,"href":"https:\/\/www.barapark.es\/ca\/wp-json\/wp\/v2\/pages\/11212\/revisions"}],"predecessor-version":[{"id":11214,"href":"https:\/\/www.barapark.es\/ca\/wp-json\/wp\/v2\/pages\/11212\/revisions\/11214"}],"wp:attachment":[{"href":"https:\/\/www.barapark.es\/ca\/wp-json\/wp\/v2\/media?parent=11212"}],"curies":[{"name":"wp","href":"https:\/\/api.w.org\/{rel}","templated":true}]}}