{"id":7061,"date":"2024-03-19T17:37:29","date_gmt":"2024-03-19T16:37:29","guid":{"rendered":"https:\/\/www.barapark.es\/condicions-de-reserva\/"},"modified":"2025-11-04T10:46:53","modified_gmt":"2025-11-04T09:46:53","slug":"condicions-de-reserva","status":"publish","type":"page","link":"https:\/\/www.barapark.es\/ca\/condicions-de-reserva\/","title":{"rendered":"Condicions de reserva"},"content":{"rendered":"\t\t<div data-elementor-type=\"wp-page\" data-elementor-id=\"7061\" class=\"elementor elementor-7061 elementor-5993\">\n\t\t\t\t\t\t<section class=\"elementor-section elementor-top-section elementor-element elementor-element-0472cfe elementor-section-height-min-height cs-section-content-fullwidth cs-parallax-on-scroll cs_scroll_y_100 elementor-section-boxed elementor-section-height-default elementor-section-items-middle\" data-id=\"0472cfe\" data-element_type=\"section\" data-e-type=\"section\" data-settings=\"{&quot;background_background&quot;:&quot;classic&quot;}\" data-cs-parallax-y=\"100\" style=\"background-image: none;\" data-cs-background-image=\"https:\/\/www.barapark.es\/wp-content\/uploads\/2024\/03\/CONDICIONES-DE-RESERVA.jpeg\">\n\t\t\t\t\t\t\t<div class=\"elementor-background-overlay\"><\/div>\n\t\t\t\t\t\t\t<div class=\"elementor-container elementor-column-gap-no\">\n\t\t\t\t\t<div class=\"elementor-column elementor-col-100 elementor-top-column elementor-element elementor-element-ea0c6c7 dark-color\" data-id=\"ea0c6c7\" data-element_type=\"column\" data-e-type=\"column\">\n\t\t\t<div class=\"elementor-widget-wrap elementor-element-populated\">\n\t\t\t\t\t\t<div class=\"elementor-element elementor-element-65a4191 elementor-widget elementor-widget-cs_title\" data-id=\"65a4191\" data-element_type=\"widget\" data-e-type=\"widget\" data-widget_type=\"cs_title.default\">\n\t\t\t\t<div class=\"elementor-widget-container\">\n\t\t\t\t\t\n        <div class=\"cs-title-wrap text-center\">\t            <h1 class=\"cs-title\">\n\t                CONDICIONS DE RESERVA\t            <\/h1>\t            <div class=\"cs-title-text\">\n\t                <p>Tot el que necessita saber per reservar al nostre resort.<\/p>\n\t            <\/div>        <\/div>\t\t\t\t<\/div>\n\t\t\t\t<\/div>\n\t\t\t\t\t<\/div>\n\t\t<\/div>\n\t\t\t\t\t<\/div>\n\t\t<\/section>\n\t\t\t\t<section class=\"elementor-section elementor-top-section elementor-element elementor-element-4e14841 cs-section-content-fullwidth animated-slow elementor-section-boxed elementor-section-height-default elementor-section-height-default elementor-invisible\" data-id=\"4e14841\" data-element_type=\"section\" data-e-type=\"section\" data-settings=\"{&quot;background_background&quot;:&quot;classic&quot;,&quot;animation&quot;:&quot;fadeIn&quot;,&quot;animation_delay&quot;:200}\">\n\t\t\t\t\t\t<div class=\"elementor-container elementor-column-gap-no\">\n\t\t\t\t\t<div class=\"elementor-column elementor-col-100 elementor-top-column elementor-element elementor-element-f784004\" data-id=\"f784004\" data-element_type=\"column\" data-e-type=\"column\">\n\t\t\t<div class=\"elementor-widget-wrap elementor-element-populated\">\n\t\t\t\t\t\t<div class=\"elementor-element elementor-element-e42cd8b elementor-widget elementor-widget-image\" data-id=\"e42cd8b\" data-element_type=\"widget\" data-e-type=\"widget\" data-widget_type=\"image.default\">\n\t\t\t\t<div class=\"elementor-widget-container\">\n\t\t\t\t\t\t\t\t\t\t\t\t\t\t\t<img decoding=\"async\" width=\"183\" height=\"183\" src=\"https:\/\/www.barapark.es\/wp-content\/uploads\/2024\/02\/reglamento_icon.png\" class=\"attachment-medium size-medium wp-image-2822\" alt=\"\" srcset=\"https:\/\/www.barapark.es\/wp-content\/uploads\/2024\/02\/reglamento_icon.png 183w, https:\/\/www.barapark.es\/wp-content\/uploads\/2024\/02\/reglamento_icon-150x150.png 150w, https:\/\/www.barapark.es\/wp-content\/uploads\/2024\/02\/elementor\/thumbs\/reglamento_icon-qj6vgsteo3pcm5rrqnqeqdkf6a1001iv6ylqywggmo.png 56w, https:\/\/www.barapark.es\/wp-content\/uploads\/2024\/02\/elementor\/thumbs\/reglamento_icon-qj6vgstf3w2gsn3wxgufhrjty4cdx2oiwt20dt128o.png 92w\" sizes=\"(max-width: 183px) 100vw, 183px\" \/>\t\t\t\t\t\t\t\t\t\t\t\t\t\t\t<\/div>\n\t\t\t\t<\/div>\n\t\t\t\t<div class=\"elementor-element elementor-element-bed7015 elementor-widget elementor-widget-cs_title\" data-id=\"bed7015\" data-element_type=\"widget\" data-e-type=\"widget\" data-widget_type=\"cs_title.default\">\n\t\t\t\t<div class=\"elementor-widget-container\">\n\t\t\t\t\t\n        <div class=\"cs-title-wrap text-center\">\t            <h3 class=\"cs-title\">\n\t                Condicions de reserva\t            <\/h3>\t            <div class=\"cs-title-text\">\n\t                <p>Aqu\u00ed disposes de tota la informaci\u00f3 necess\u00e0ria sobre les condicions de reserva perqu\u00e8 gaudeixis de les teves vacances de la millor manera possible.<\/p>\n\t            <\/div>        <\/div>\t\t\t\t<\/div>\n\t\t\t\t<\/div>\n\t\t\t\t<div class=\"elementor-element elementor-element-4401683 elementor-align-center elementor-widget__width-auto elementor-widget elementor-widget-cs_button\" data-id=\"4401683\" data-element_type=\"widget\" data-e-type=\"widget\" data-widget_type=\"cs_button.default\">\n\t\t\t\t<div class=\"elementor-widget-container\">\n\t\t\t\t\t        <a href=\"https:\/\/www.barapark.es\/wp-content\/uploads\/2025\/11\/CONDICIONS-DE-RESERVA-I-CANCELACIO-PLAYA-BARA.pdf\" class=\"elementor-button-link button\" role=\"button\">\n            <span class=\"cs-btn-text\">Obrir les condicions (pdf)<\/span>        <\/a>\t\t\t\t<\/div>\n\t\t\t\t<\/div>\n\t\t\t\t\t<\/div>\n\t\t<\/div>\n\t\t\t\t\t<\/div>\n\t\t<\/section>\n\t\t\t\t<\/div>\n\t\t","protected":false},"excerpt":{"rendered":"<p>CONDICIONS DE RESERVA Tot el que necessita saber per reservar al nostre resort. Condicions de reserva Aqu\u00ed disposes de tota la informaci\u00f3 necess\u00e0ria sobre les condicions de reserva perqu\u00e8 gaudeixis de les teves vacances de la millor manera possible. Obrir les condicions (pdf)<\/p>\n","protected":false},"author":1,"featured_media":0,"parent":0,"menu_order":0,"comment_status":"closed","ping_status":"closed","template":"","meta":{"_acf_changed":false,"om_disable_all_campaigns":false,"_uf_show_specific_survey":0,"_uf_disable_surveys":false,"cozystay_single_page_hide_site_header":"","cozystay_single_page_site_header_source":"","cozystay_single_page_custom_site_header":"0","cozystay_single_page_custom_sticky_site_header":"0","cozystay_single_page_hide_page_title":"","cozystay_single_page_header_section_size":"","cozystay_single_page_header_background_color":"","cozystay_single_page_header_background_position_x":"center","cozystay_single_page_header_background_position_y":"center","cozystay_single_page_header_background_size":"cover","cozystay_single_page_header_background_repeat":"off","cozystay_single_page_header_background_scroll":"on","cozystay_single_page_header_text_color":"","cozystay_single_page_header_show_breadcrumb":"","cozystay_single_page_site_footer_hide_main":"","cozystay_single_custom_site_footer_main_source":"","cozystay_single_custom_site_footer_main":"0","cozystay_single_page_site_footer_hide_above":"","cozystay_single_custom_site_footer_above_source":"","cozystay_single_custom_site_footer_above":"0","cozystay_single_page_site_footer_hide_instagram":"","cozystay_single_page_site_footer_hide_bottom":"","cozystay_single_custom_mobile_menu_source":"","cozystay_single_custom_mobile_menu":"0","cozystay_single_custom_mobile_menu_animation":"","cozystay_single_custom_mobile_menu_width":"","cozystay_single_custom_mobile_menu_custom_width":375,"footnotes":""},"class_list":["post-7061","page","type-page","status-publish","hentry"],"acf":[],"yoast_head":"<!-- This site is optimized with the Yoast SEO Premium plugin v27.2 (Yoast SEO v27.3) - https:\/\/yoast.com\/product\/yoast-seo-premium-wordpress\/ -->\n<title>Condicions de reserva - Playa Bara - Camping - Caravaning - Bungalows - Spa<\/title>\n<meta name=\"robots\" content=\"index, follow, max-snippet:-1, max-image-preview:large, max-video-preview:-1\" \/>\n<link rel=\"canonical\" href=\"https:\/\/www.barapark.es\/ca\/condicions-de-reserva\/\" \/>\n<meta property=\"og:locale\" content=\"ca_ES\" \/>\n<meta property=\"og:type\" content=\"article\" \/>\n<meta property=\"og:title\" content=\"Condicions de reserva\" \/>\n<meta property=\"og:description\" content=\"CONDICIONS DE RESERVA Tot el que necessita saber per reservar al nostre resort. Condicions de reserva Aqu\u00ed disposes de tota la informaci\u00f3 necess\u00e0ria sobre les condicions de reserva perqu\u00e8 gaudeixis de les teves vacances de la millor manera possible. Obrir les condicions (pdf)\" \/>\n<meta property=\"og:url\" content=\"https:\/\/www.barapark.es\/ca\/condicions-de-reserva\/\" \/>\n<meta property=\"og:site_name\" content=\"Playa Bara - Camping - Caravaning - Bungalows - Spa\" \/>\n<meta property=\"article:modified_time\" content=\"2025-11-04T09:46:53+00:00\" \/>\n<meta property=\"og:image\" content=\"https:\/\/www.barapark.es\/wp-content\/uploads\/2024\/02\/reglamento_icon.png\" \/>\n\t<meta property=\"og:image:width\" content=\"183\" \/>\n\t<meta property=\"og:image:height\" content=\"183\" \/>\n\t<meta property=\"og:image:type\" content=\"image\/png\" \/>\n<meta name=\"twitter:card\" content=\"summary_large_image\" \/>\n<meta name=\"twitter:label1\" content=\"Temps estimat de lectura\" \/>\n\t<meta name=\"twitter:data1\" content=\"1 minut\" \/>\n<script type=\"application\/ld+json\" class=\"yoast-schema-graph\">{\"@context\":\"https:\\\/\\\/schema.org\",\"@graph\":[{\"@type\":\"WebPage\",\"@id\":\"https:\\\/\\\/www.barapark.es\\\/ca\\\/condicions-de-reserva\\\/\",\"url\":\"https:\\\/\\\/www.barapark.es\\\/ca\\\/condicions-de-reserva\\\/\",\"name\":\"Condicions de reserva - Playa Bara - Camping - Caravaning - Bungalows - Spa\",\"isPartOf\":{\"@id\":\"https:\\\/\\\/www.barapark.es\\\/ca\\\/#website\"},\"primaryImageOfPage\":{\"@id\":\"https:\\\/\\\/www.barapark.es\\\/ca\\\/condicions-de-reserva\\\/#primaryimage\"},\"image\":{\"@id\":\"https:\\\/\\\/www.barapark.es\\\/ca\\\/condicions-de-reserva\\\/#primaryimage\"},\"thumbnailUrl\":\"https:\\\/\\\/www.barapark.es\\\/wp-content\\\/uploads\\\/2024\\\/02\\\/reglamento_icon.png\",\"datePublished\":\"2024-03-19T16:37:29+00:00\",\"dateModified\":\"2025-11-04T09:46:53+00:00\",\"breadcrumb\":{\"@id\":\"https:\\\/\\\/www.barapark.es\\\/ca\\\/condicions-de-reserva\\\/#breadcrumb\"},\"inLanguage\":\"ca\",\"potentialAction\":[{\"@type\":\"ReadAction\",\"target\":[\"https:\\\/\\\/www.barapark.es\\\/ca\\\/condicions-de-reserva\\\/\"]}]},{\"@type\":\"ImageObject\",\"inLanguage\":\"ca\",\"@id\":\"https:\\\/\\\/www.barapark.es\\\/ca\\\/condicions-de-reserva\\\/#primaryimage\",\"url\":\"https:\\\/\\\/www.barapark.es\\\/wp-content\\\/uploads\\\/2024\\\/02\\\/reglamento_icon.png\",\"contentUrl\":\"https:\\\/\\\/www.barapark.es\\\/wp-content\\\/uploads\\\/2024\\\/02\\\/reglamento_icon.png\"},{\"@type\":\"BreadcrumbList\",\"@id\":\"https:\\\/\\\/www.barapark.es\\\/ca\\\/condicions-de-reserva\\\/#breadcrumb\",\"itemListElement\":[{\"@type\":\"ListItem\",\"position\":1,\"name\":\"Portada\",\"item\":\"https:\\\/\\\/www.barapark.es\\\/ca\\\/inici\\\/\"},{\"@type\":\"ListItem\",\"position\":2,\"name\":\"Condicions de reserva\"}]},{\"@type\":\"WebSite\",\"@id\":\"https:\\\/\\\/www.barapark.es\\\/ca\\\/#website\",\"url\":\"https:\\\/\\\/www.barapark.es\\\/ca\\\/\",\"name\":\"Playa Bara - Camping - Caravaning - Bungalows - Spa\",\"description\":\"\",\"potentialAction\":[{\"@type\":\"SearchAction\",\"target\":{\"@type\":\"EntryPoint\",\"urlTemplate\":\"https:\\\/\\\/www.barapark.es\\\/ca\\\/?s={search_term_string}\"},\"query-input\":{\"@type\":\"PropertyValueSpecification\",\"valueRequired\":true,\"valueName\":\"search_term_string\"}}],\"inLanguage\":\"ca\"}]}<\/script>\n<!-- \/ Yoast SEO Premium plugin. -->","yoast_head_json":{"title":"Condicions de reserva - Playa Bara - Camping - Caravaning - Bungalows - Spa","robots":{"index":"index","follow":"follow","max-snippet":"max-snippet:-1","max-image-preview":"max-image-preview:large","max-video-preview":"max-video-preview:-1"},"canonical":"https:\/\/www.barapark.es\/ca\/condicions-de-reserva\/","og_locale":"ca_ES","og_type":"article","og_title":"Condicions de reserva","og_description":"CONDICIONS DE RESERVA Tot el que necessita saber per reservar al nostre resort. Condicions de reserva Aqu\u00ed disposes de tota la informaci\u00f3 necess\u00e0ria sobre les condicions de reserva perqu\u00e8 gaudeixis de les teves vacances de la millor manera possible. Obrir les condicions (pdf)","og_url":"https:\/\/www.barapark.es\/ca\/condicions-de-reserva\/","og_site_name":"Playa Bara - Camping - Caravaning - Bungalows - Spa","article_modified_time":"2025-11-04T09:46:53+00:00","og_image":[{"width":183,"height":183,"url":"https:\/\/www.barapark.es\/wp-content\/uploads\/2024\/02\/reglamento_icon.png","type":"image\/png"}],"twitter_card":"summary_large_image","twitter_misc":{"Temps estimat de lectura":"1 minut"},"schema":{"@context":"https:\/\/schema.org","@graph":[{"@type":"WebPage","@id":"https:\/\/www.barapark.es\/ca\/condicions-de-reserva\/","url":"https:\/\/www.barapark.es\/ca\/condicions-de-reserva\/","name":"Condicions de reserva - Playa Bara - Camping - Caravaning - Bungalows - Spa","isPartOf":{"@id":"https:\/\/www.barapark.es\/ca\/#website"},"primaryImageOfPage":{"@id":"https:\/\/www.barapark.es\/ca\/condicions-de-reserva\/#primaryimage"},"image":{"@id":"https:\/\/www.barapark.es\/ca\/condicions-de-reserva\/#primaryimage"},"thumbnailUrl":"https:\/\/www.barapark.es\/wp-content\/uploads\/2024\/02\/reglamento_icon.png","datePublished":"2024-03-19T16:37:29+00:00","dateModified":"2025-11-04T09:46:53+00:00","breadcrumb":{"@id":"https:\/\/www.barapark.es\/ca\/condicions-de-reserva\/#breadcrumb"},"inLanguage":"ca","potentialAction":[{"@type":"ReadAction","target":["https:\/\/www.barapark.es\/ca\/condicions-de-reserva\/"]}]},{"@type":"ImageObject","inLanguage":"ca","@id":"https:\/\/www.barapark.es\/ca\/condicions-de-reserva\/#primaryimage","url":"https:\/\/www.barapark.es\/wp-content\/uploads\/2024\/02\/reglamento_icon.png","contentUrl":"https:\/\/www.barapark.es\/wp-content\/uploads\/2024\/02\/reglamento_icon.png"},{"@type":"BreadcrumbList","@id":"https:\/\/www.barapark.es\/ca\/condicions-de-reserva\/#breadcrumb","itemListElement":[{"@type":"ListItem","position":1,"name":"Portada","item":"https:\/\/www.barapark.es\/ca\/inici\/"},{"@type":"ListItem","position":2,"name":"Condicions de reserva"}]},{"@type":"WebSite","@id":"https:\/\/www.barapark.es\/ca\/#website","url":"https:\/\/www.barapark.es\/ca\/","name":"Playa Bara - Camping - Caravaning - Bungalows - Spa","description":"","potentialAction":[{"@type":"SearchAction","target":{"@type":"EntryPoint","urlTemplate":"https:\/\/www.barapark.es\/ca\/?s={search_term_string}"},"query-input":{"@type":"PropertyValueSpecification","valueRequired":true,"valueName":"search_term_string"}}],"inLanguage":"ca"}]}},"_links":{"self":[{"href":"https:\/\/www.barapark.es\/ca\/wp-json\/wp\/v2\/pages\/7061","targetHints":{"allow":["GET"]}}],"collection":[{"href":"https:\/\/www.barapark.es\/ca\/wp-json\/wp\/v2\/pages"}],"about":[{"href":"https:\/\/www.barapark.es\/ca\/wp-json\/wp\/v2\/types\/page"}],"author":[{"embeddable":true,"href":"https:\/\/www.barapark.es\/ca\/wp-json\/wp\/v2\/users\/1"}],"replies":[{"embeddable":true,"href":"https:\/\/www.barapark.es\/ca\/wp-json\/wp\/v2\/comments?post=7061"}],"version-history":[{"count":13,"href":"https:\/\/www.barapark.es\/ca\/wp-json\/wp\/v2\/pages\/7061\/revisions"}],"predecessor-version":[{"id":15607,"href":"https:\/\/www.barapark.es\/ca\/wp-json\/wp\/v2\/pages\/7061\/revisions\/15607"}],"wp:attachment":[{"href":"https:\/\/www.barapark.es\/ca\/wp-json\/wp\/v2\/media?parent=7061"}],"curies":[{"name":"wp","href":"https:\/\/api.w.org\/{rel}","templated":true}]}}