{"id":8107,"date":"2024-03-05T16:22:54","date_gmt":"2024-03-05T15:22:54","guid":{"rendered":"https:\/\/www.barapark.es\/restaurantes\/discoteca\/"},"modified":"2025-06-19T17:27:04","modified_gmt":"2025-06-19T15:27:04","slug":"diskothek","status":"publish","type":"page","link":"https:\/\/www.barapark.es\/de\/restaurants\/diskothek\/","title":{"rendered":"Diskothek"},"content":{"rendered":"\t\t<div data-elementor-type=\"wp-page\" data-elementor-id=\"8107\" class=\"elementor elementor-8107 elementor-4760\">\n\t\t\t\t\t\t<section class=\"elementor-section elementor-top-section elementor-element elementor-element-3e39d6a5 elementor-section-height-min-height cs-section-content-fullwidth cs-parallax-on-scroll cs_scroll_y_80 elementor-section-boxed elementor-section-height-default elementor-section-items-middle\" data-id=\"3e39d6a5\" data-element_type=\"section\" data-e-type=\"section\" data-settings=\"{&quot;background_background&quot;:&quot;classic&quot;}\" data-cs-parallax-y=\"80\" style=\"background-image: none;\" data-cs-background-image=\"https:\/\/www.barapark.es\/wp-content\/uploads\/2024\/03\/DISCO-scaled.jpg\">\n\t\t\t\t\t\t\t<div class=\"elementor-background-overlay\"><\/div>\n\t\t\t\t\t\t\t<div class=\"elementor-container elementor-column-gap-no\">\n\t\t\t\t\t<div class=\"elementor-column elementor-col-100 elementor-top-column elementor-element elementor-element-17824ae dark-color\" data-id=\"17824ae\" data-element_type=\"column\" data-e-type=\"column\">\n\t\t\t<div class=\"elementor-widget-wrap elementor-element-populated\">\n\t\t\t\t\t\t<div class=\"elementor-element elementor-element-b86907c elementor-widget elementor-widget-cs_title\" data-id=\"b86907c\" data-element_type=\"widget\" data-e-type=\"widget\" data-widget_type=\"cs_title.default\">\n\t\t\t\t<div class=\"elementor-widget-container\">\n\t\t\t\t\t\n        <div class=\"cs-title-wrap text-center\">\t            <h1 class=\"cs-title\">\n\t                DISKOTHEK\t            <\/h1>        <\/div>\t\t\t\t<\/div>\n\t\t\t\t<\/div>\n\t\t\t\t\t<\/div>\n\t\t<\/div>\n\t\t\t\t\t<\/div>\n\t\t<\/section>\n\t\t\t\t<section class=\"elementor-section elementor-top-section elementor-element elementor-element-c464eb7 elementor-section-full_width elementor-section-content-middle elementor-section-height-default elementor-section-height-default\" data-id=\"c464eb7\" data-element_type=\"section\" data-e-type=\"section\">\n\t\t\t\t\t\t<div class=\"elementor-container elementor-column-gap-no\">\n\t\t\t\t\t<div class=\"elementor-column elementor-col-50 elementor-top-column elementor-element elementor-element-747d12cf\" data-id=\"747d12cf\" data-element_type=\"column\" data-e-type=\"column\">\n\t\t\t<div class=\"elementor-widget-wrap elementor-element-populated\">\n\t\t\t\t\t\t<div class=\"elementor-element elementor-element-4335dbc elementor-widget elementor-widget-image\" data-id=\"4335dbc\" data-element_type=\"widget\" data-e-type=\"widget\" data-widget_type=\"image.default\">\n\t\t\t\t<div class=\"elementor-widget-container\">\n\t\t\t\t\t\t\t\t\t\t\t\t\t\t\t<img fetchpriority=\"high\" decoding=\"async\" width=\"500\" height=\"500\" src=\"https:\/\/www.barapark.es\/wp-content\/uploads\/2024\/07\/LOGO-DISCOTECA-e1721125699440.png\" class=\"attachment-large size-large wp-image-10650\" alt=\"\" \/>\t\t\t\t\t\t\t\t\t\t\t\t\t\t\t<\/div>\n\t\t\t\t<\/div>\n\t\t\t\t<div class=\"elementor-element elementor-element-3f3d129a elementor-widget elementor-widget-cs_title\" data-id=\"3f3d129a\" data-element_type=\"widget\" data-e-type=\"widget\" data-widget_type=\"cs_title.default\">\n\t\t\t\t<div class=\"elementor-widget-container\">\n\t\t\t\t\t\n        <div class=\"cs-title-wrap\">\t            <h4 class=\"cs-title\">\n\t                Wo Musik und Spa\u00df nie enden.\t            <\/h4>\t            <div class=\"cs-title-text\">\n\t                La mejor m\u00fasica, espect\u00e1culos y fiestas tem\u00e1ticas con el mejor ambiente para tus noches de verano.\n\n\t            <\/div>        <\/div>\t\t\t\t<\/div>\n\t\t\t\t<\/div>\n\t\t\t\t\t<\/div>\n\t\t<\/div>\n\t\t\t\t<div class=\"elementor-column elementor-col-50 elementor-top-column elementor-element elementor-element-21dcbb90\" data-id=\"21dcbb90\" data-element_type=\"column\" data-e-type=\"column\" data-settings=\"{&quot;background_background&quot;:&quot;classic&quot;}\">\n\t\t\t<div class=\"elementor-widget-wrap elementor-element-populated\">\n\t\t\t\t\t\t<section class=\"elementor-section elementor-inner-section elementor-element elementor-element-3519c5c elementor-section-boxed elementor-section-height-default elementor-section-height-default\" data-id=\"3519c5c\" data-element_type=\"section\" data-e-type=\"section\" data-settings=\"{&quot;background_background&quot;:&quot;classic&quot;}\">\n\t\t\t\t\t\t<div class=\"elementor-container elementor-column-gap-no\">\n\t\t\t\t\t<div class=\"elementor-column elementor-col-100 elementor-inner-column elementor-element elementor-element-5db60a39\" data-id=\"5db60a39\" data-element_type=\"column\" data-e-type=\"column\">\n\t\t\t<div class=\"elementor-widget-wrap elementor-element-populated\">\n\t\t\t\t\t\t<div class=\"elementor-element elementor-element-71a4faa2 elementor-widget elementor-widget-heading\" data-id=\"71a4faa2\" data-element_type=\"widget\" data-e-type=\"widget\" data-widget_type=\"heading.default\">\n\t\t\t\t<div class=\"elementor-widget-container\">\n\t\t\t\t\t<h2 class=\"elementor-heading-title elementor-size-default\">Informationen<\/h2>\t\t\t\t<\/div>\n\t\t\t\t<\/div>\n\t\t\t\t\t<\/div>\n\t\t<\/div>\n\t\t\t\t\t<\/div>\n\t\t<\/section>\n\t\t\t\t\t<\/div>\n\t\t<\/div>\n\t\t\t\t\t<\/div>\n\t\t<\/section>\n\t\t\t\t<section class=\"elementor-section elementor-top-section elementor-element elementor-element-95a30be elementor-section-full_width animated-slow elementor-hidden-desktop elementor-hidden-tablet elementor-hidden-mobile elementor-section-height-default elementor-section-height-default elementor-invisible\" data-id=\"95a30be\" data-element_type=\"section\" data-e-type=\"section\" data-settings=\"{&quot;background_background&quot;:&quot;classic&quot;,&quot;animation&quot;:&quot;fadeIn&quot;,&quot;animation_delay&quot;:150}\">\n\t\t\t\t\t\t<div class=\"elementor-container elementor-column-gap-no\">\n\t\t\t\t\t<div class=\"elementor-column elementor-col-100 elementor-top-column elementor-element elementor-element-4426d753\" data-id=\"4426d753\" data-element_type=\"column\" data-e-type=\"column\">\n\t\t\t<div class=\"elementor-widget-wrap elementor-element-populated\">\n\t\t\t\t\t\t<div class=\"elementor-element elementor-element-44a31639 elementor-widget elementor-widget-cs_gallery\" data-id=\"44a31639\" data-element_type=\"widget\" data-e-type=\"widget\" data-widget_type=\"cs_gallery.default\">\n\t\t\t\t<div class=\"elementor-widget-container\">\n\t\t\t\t\t\n            <div class=\"cs-gallery gap-0 gallery-grid grid-col-3\">\n                <div class=\"cs-gallery-wrap\">                    <div class=\"cs-gallery-item\">                            <a href=\"https:\/\/www.barapark.es\/wp-content\/uploads\/2024\/01\/piscina_1.png\" data-elementor-open-lightbox=\"yes\" data-elementor-lightbox-slideshow=\"44a31639\" data-elementor-lightbox-title=\"piscina_1\" data-e-action-hash=\"#elementor-action%3Aaction%3Dlightbox%26settings%3DeyJpZCI6MjU2OSwidXJsIjoiaHR0cHM6XC9cL3d3dy5iYXJhcGFyay5lc1wvd3AtY29udGVudFwvdXBsb2Fkc1wvMjAyNFwvMDFcL3Bpc2NpbmFfMS5wbmciLCJzbGlkZXNob3ciOiI0NGEzMTYzOSJ9\"><img decoding=\"async\" width=\"780\" height=\"601\" src=\"https:\/\/www.barapark.es\/wp-content\/uploads\/2024\/01\/piscina_1-780x601.png\" class=\"attachment-cozystay_780x9999 size-cozystay_780x9999 wp-image-2569\" alt=\"\" srcset=\"https:\/\/www.barapark.es\/wp-content\/uploads\/2024\/01\/piscina_1-780x601.png 780w, https:\/\/www.barapark.es\/wp-content\/uploads\/2024\/01\/piscina_1-300x231.png 300w, https:\/\/www.barapark.es\/wp-content\/uploads\/2024\/01\/piscina_1-1024x788.png 1024w, https:\/\/www.barapark.es\/wp-content\/uploads\/2024\/01\/piscina_1-768x591.png 768w, https:\/\/www.barapark.es\/wp-content\/uploads\/2024\/01\/piscina_1-600x462.png 600w, https:\/\/www.barapark.es\/wp-content\/uploads\/2024\/01\/piscina_1-550x423.png 550w, https:\/\/www.barapark.es\/wp-content\/uploads\/2024\/01\/piscina_1-370x285.png 370w, https:\/\/www.barapark.es\/wp-content\/uploads\/2024\/01\/piscina_1-255x196.png 255w, https:\/\/www.barapark.es\/wp-content\/uploads\/2024\/01\/piscina_1-150x115.png 150w, https:\/\/www.barapark.es\/wp-content\/uploads\/2024\/01\/piscina_1.png 1130w\" sizes=\"(max-width: 780px) 100vw, 780px\" \/><\/a>                    <\/div>                    <div class=\"cs-gallery-item\">                            <a href=\"https:\/\/www.barapark.es\/wp-content\/uploads\/2024\/01\/piscina_2.png\" data-elementor-open-lightbox=\"yes\" data-elementor-lightbox-slideshow=\"44a31639\" data-elementor-lightbox-title=\"piscina_2\" data-e-action-hash=\"#elementor-action%3Aaction%3Dlightbox%26settings%3DeyJpZCI6MjU3MCwidXJsIjoiaHR0cHM6XC9cL3d3dy5iYXJhcGFyay5lc1wvd3AtY29udGVudFwvdXBsb2Fkc1wvMjAyNFwvMDFcL3Bpc2NpbmFfMi5wbmciLCJzbGlkZXNob3ciOiI0NGEzMTYzOSJ9\"><img decoding=\"async\" width=\"780\" height=\"601\" src=\"https:\/\/www.barapark.es\/wp-content\/uploads\/2024\/01\/piscina_2-780x601.png\" class=\"attachment-cozystay_780x9999 size-cozystay_780x9999 wp-image-2570\" alt=\"\" srcset=\"https:\/\/www.barapark.es\/wp-content\/uploads\/2024\/01\/piscina_2-780x601.png 780w, https:\/\/www.barapark.es\/wp-content\/uploads\/2024\/01\/piscina_2-300x231.png 300w, https:\/\/www.barapark.es\/wp-content\/uploads\/2024\/01\/piscina_2-1024x788.png 1024w, https:\/\/www.barapark.es\/wp-content\/uploads\/2024\/01\/piscina_2-768x591.png 768w, https:\/\/www.barapark.es\/wp-content\/uploads\/2024\/01\/piscina_2-600x462.png 600w, https:\/\/www.barapark.es\/wp-content\/uploads\/2024\/01\/piscina_2-550x423.png 550w, https:\/\/www.barapark.es\/wp-content\/uploads\/2024\/01\/piscina_2-370x285.png 370w, https:\/\/www.barapark.es\/wp-content\/uploads\/2024\/01\/piscina_2-255x196.png 255w, https:\/\/www.barapark.es\/wp-content\/uploads\/2024\/01\/piscina_2-150x115.png 150w, https:\/\/www.barapark.es\/wp-content\/uploads\/2024\/01\/piscina_2.png 1130w\" sizes=\"(max-width: 780px) 100vw, 780px\" \/><\/a>                    <\/div>                    <div class=\"cs-gallery-item\">                            <a href=\"https:\/\/www.barapark.es\/wp-content\/uploads\/2024\/01\/piscina_3.png\" data-elementor-open-lightbox=\"yes\" data-elementor-lightbox-slideshow=\"44a31639\" data-elementor-lightbox-title=\"piscina_3\" data-e-action-hash=\"#elementor-action%3Aaction%3Dlightbox%26settings%3DeyJpZCI6MjU3MSwidXJsIjoiaHR0cHM6XC9cL3d3dy5iYXJhcGFyay5lc1wvd3AtY29udGVudFwvdXBsb2Fkc1wvMjAyNFwvMDFcL3Bpc2NpbmFfMy5wbmciLCJzbGlkZXNob3ciOiI0NGEzMTYzOSJ9\"><img loading=\"lazy\" decoding=\"async\" width=\"780\" height=\"601\" src=\"https:\/\/www.barapark.es\/wp-content\/uploads\/2024\/01\/piscina_3-780x601.png\" class=\"attachment-cozystay_780x9999 size-cozystay_780x9999 wp-image-2571\" alt=\"\" srcset=\"https:\/\/www.barapark.es\/wp-content\/uploads\/2024\/01\/piscina_3-780x601.png 780w, https:\/\/www.barapark.es\/wp-content\/uploads\/2024\/01\/piscina_3-300x231.png 300w, https:\/\/www.barapark.es\/wp-content\/uploads\/2024\/01\/piscina_3-1024x788.png 1024w, https:\/\/www.barapark.es\/wp-content\/uploads\/2024\/01\/piscina_3-768x591.png 768w, https:\/\/www.barapark.es\/wp-content\/uploads\/2024\/01\/piscina_3-600x462.png 600w, https:\/\/www.barapark.es\/wp-content\/uploads\/2024\/01\/piscina_3-550x423.png 550w, https:\/\/www.barapark.es\/wp-content\/uploads\/2024\/01\/piscina_3-370x285.png 370w, https:\/\/www.barapark.es\/wp-content\/uploads\/2024\/01\/piscina_3-255x196.png 255w, https:\/\/www.barapark.es\/wp-content\/uploads\/2024\/01\/piscina_3-150x115.png 150w, https:\/\/www.barapark.es\/wp-content\/uploads\/2024\/01\/piscina_3.png 1130w\" sizes=\"(max-width: 780px) 100vw, 780px\" \/><\/a>                    <\/div>                    <div class=\"cs-gallery-item\">                            <a href=\"https:\/\/www.barapark.es\/wp-content\/uploads\/2024\/01\/piscina_4.png\" data-elementor-open-lightbox=\"yes\" data-elementor-lightbox-slideshow=\"44a31639\" data-elementor-lightbox-title=\"piscina_4\" data-e-action-hash=\"#elementor-action%3Aaction%3Dlightbox%26settings%3DeyJpZCI6MjU3MiwidXJsIjoiaHR0cHM6XC9cL3d3dy5iYXJhcGFyay5lc1wvd3AtY29udGVudFwvdXBsb2Fkc1wvMjAyNFwvMDFcL3Bpc2NpbmFfNC5wbmciLCJzbGlkZXNob3ciOiI0NGEzMTYzOSJ9\"><img loading=\"lazy\" decoding=\"async\" width=\"780\" height=\"601\" src=\"https:\/\/www.barapark.es\/wp-content\/uploads\/2024\/01\/piscina_4-780x601.png\" class=\"attachment-cozystay_780x9999 size-cozystay_780x9999 wp-image-2572\" alt=\"\" srcset=\"https:\/\/www.barapark.es\/wp-content\/uploads\/2024\/01\/piscina_4-780x601.png 780w, https:\/\/www.barapark.es\/wp-content\/uploads\/2024\/01\/piscina_4-300x231.png 300w, https:\/\/www.barapark.es\/wp-content\/uploads\/2024\/01\/piscina_4-1024x788.png 1024w, https:\/\/www.barapark.es\/wp-content\/uploads\/2024\/01\/piscina_4-768x591.png 768w, https:\/\/www.barapark.es\/wp-content\/uploads\/2024\/01\/piscina_4-600x462.png 600w, https:\/\/www.barapark.es\/wp-content\/uploads\/2024\/01\/piscina_4-550x423.png 550w, https:\/\/www.barapark.es\/wp-content\/uploads\/2024\/01\/piscina_4-370x285.png 370w, https:\/\/www.barapark.es\/wp-content\/uploads\/2024\/01\/piscina_4-255x196.png 255w, https:\/\/www.barapark.es\/wp-content\/uploads\/2024\/01\/piscina_4-150x115.png 150w, https:\/\/www.barapark.es\/wp-content\/uploads\/2024\/01\/piscina_4.png 1130w\" sizes=\"(max-width: 780px) 100vw, 780px\" \/><\/a>                    <\/div>                    <div class=\"cs-gallery-item\">                            <a href=\"https:\/\/www.barapark.es\/wp-content\/uploads\/2024\/01\/piscina_5.png\" data-elementor-open-lightbox=\"yes\" data-elementor-lightbox-slideshow=\"44a31639\" data-elementor-lightbox-title=\"piscina_5\" data-e-action-hash=\"#elementor-action%3Aaction%3Dlightbox%26settings%3DeyJpZCI6MjU3MywidXJsIjoiaHR0cHM6XC9cL3d3dy5iYXJhcGFyay5lc1wvd3AtY29udGVudFwvdXBsb2Fkc1wvMjAyNFwvMDFcL3Bpc2NpbmFfNS5wbmciLCJzbGlkZXNob3ciOiI0NGEzMTYzOSJ9\"><img loading=\"lazy\" decoding=\"async\" width=\"780\" height=\"601\" src=\"https:\/\/www.barapark.es\/wp-content\/uploads\/2024\/01\/piscina_5-780x601.png\" class=\"attachment-cozystay_780x9999 size-cozystay_780x9999 wp-image-2573\" alt=\"\" srcset=\"https:\/\/www.barapark.es\/wp-content\/uploads\/2024\/01\/piscina_5-780x601.png 780w, https:\/\/www.barapark.es\/wp-content\/uploads\/2024\/01\/piscina_5-300x231.png 300w, https:\/\/www.barapark.es\/wp-content\/uploads\/2024\/01\/piscina_5-1024x788.png 1024w, https:\/\/www.barapark.es\/wp-content\/uploads\/2024\/01\/piscina_5-768x591.png 768w, https:\/\/www.barapark.es\/wp-content\/uploads\/2024\/01\/piscina_5-600x462.png 600w, https:\/\/www.barapark.es\/wp-content\/uploads\/2024\/01\/piscina_5-550x423.png 550w, https:\/\/www.barapark.es\/wp-content\/uploads\/2024\/01\/piscina_5-370x285.png 370w, https:\/\/www.barapark.es\/wp-content\/uploads\/2024\/01\/piscina_5-255x196.png 255w, https:\/\/www.barapark.es\/wp-content\/uploads\/2024\/01\/piscina_5-150x115.png 150w, https:\/\/www.barapark.es\/wp-content\/uploads\/2024\/01\/piscina_5.png 1130w\" sizes=\"(max-width: 780px) 100vw, 780px\" \/><\/a>                    <\/div>                    <div class=\"cs-gallery-item\">                            <a href=\"https:\/\/www.barapark.es\/wp-content\/uploads\/2024\/01\/piscina_6.png\" data-elementor-open-lightbox=\"yes\" data-elementor-lightbox-slideshow=\"44a31639\" data-elementor-lightbox-title=\"piscina_5\" data-e-action-hash=\"#elementor-action%3Aaction%3Dlightbox%26settings%3DeyJpZCI6MjU3NCwidXJsIjpmYWxzZSwic2xpZGVzaG93IjoiNDRhMzE2MzkifQ%3D%3D\"><img decoding=\"async\" src=\"https:\/\/www.barapark.es\/wp-content\/uploads\/2024\/01\/piscina_6.png\" title=\"\" alt=\"\" loading=\"lazy\" \/><\/a>                    <\/div>                <\/div>\n            <\/div>\t\t\t\t<\/div>\n\t\t\t\t<\/div>\n\t\t\t\t\t<\/div>\n\t\t<\/div>\n\t\t\t\t\t<\/div>\n\t\t<\/section>\n\t\t\t\t<\/div>\n\t\t","protected":false},"excerpt":{"rendered":"<p>DISKOTHEK Wo Musik und Spa\u00df nie enden. La mejor m\u00fasica, espect\u00e1culos y fiestas tem\u00e1ticas con el mejor ambiente para tus noches de verano. Informationen<\/p>\n","protected":false},"author":1,"featured_media":0,"parent":8069,"menu_order":0,"comment_status":"closed","ping_status":"closed","template":"","meta":{"_acf_changed":false,"om_disable_all_campaigns":false,"_uf_show_specific_survey":0,"_uf_disable_surveys":false,"cozystay_single_page_hide_site_header":"","cozystay_single_page_site_header_source":"","cozystay_single_page_custom_site_header":"0","cozystay_single_page_custom_sticky_site_header":"0","cozystay_single_page_hide_page_title":"","cozystay_single_page_header_section_size":"","cozystay_single_page_header_background_color":"","cozystay_single_page_header_background_position_x":"center","cozystay_single_page_header_background_position_y":"center","cozystay_single_page_header_background_size":"cover","cozystay_single_page_header_background_repeat":"off","cozystay_single_page_header_background_scroll":"on","cozystay_single_page_header_text_color":"","cozystay_single_page_header_show_breadcrumb":"","cozystay_single_page_site_footer_hide_main":"","cozystay_single_custom_site_footer_main_source":"","cozystay_single_custom_site_footer_main":"0","cozystay_single_page_site_footer_hide_above":"","cozystay_single_custom_site_footer_above_source":"","cozystay_single_custom_site_footer_above":"0","cozystay_single_page_site_footer_hide_instagram":"","cozystay_single_page_site_footer_hide_bottom":"","cozystay_single_custom_mobile_menu_source":"","cozystay_single_custom_mobile_menu":"0","cozystay_single_custom_mobile_menu_animation":"","cozystay_single_custom_mobile_menu_width":"","cozystay_single_custom_mobile_menu_custom_width":375,"footnotes":""},"class_list":["post-8107","page","type-page","status-publish","hentry"],"acf":[],"yoast_head":"<!-- This site is optimized with the Yoast SEO Premium plugin v27.2 (Yoast SEO v27.3) - https:\/\/yoast.com\/product\/yoast-seo-premium-wordpress\/ -->\n<title>Diskothek - Playa Bara - Camping - Caravaning - Bungalows - Spa<\/title>\n<meta name=\"description\" content=\"Disfruta de la mejor discoteca para tus noches de verano con m\u00fasica, espect\u00e1culos y un ambiente inigualable.\" \/>\n<meta name=\"robots\" content=\"index, follow, max-snippet:-1, max-image-preview:large, max-video-preview:-1\" \/>\n<link rel=\"canonical\" href=\"https:\/\/www.barapark.es\/de\/restaurants\/diskothek\/\" \/>\n<meta property=\"og:locale\" content=\"de_DE\" \/>\n<meta property=\"og:type\" content=\"article\" \/>\n<meta property=\"og:title\" content=\"Diskothek\" \/>\n<meta property=\"og:description\" content=\"Disfruta de la mejor discoteca para tus noches de verano con m\u00fasica, espect\u00e1culos y un ambiente inigualable.\" \/>\n<meta property=\"og:url\" content=\"https:\/\/www.barapark.es\/de\/restaurants\/diskothek\/\" \/>\n<meta property=\"og:site_name\" content=\"Playa Bara - Camping - Caravaning - Bungalows - Spa\" \/>\n<meta property=\"article:modified_time\" content=\"2025-06-19T15:27:04+00:00\" \/>\n<meta property=\"og:image\" content=\"https:\/\/www.barapark.es\/wp-content\/uploads\/2024\/07\/LOGO-DISCOTECA-e1721125699440.png\" \/>\n\t<meta property=\"og:image:width\" content=\"400\" \/>\n\t<meta property=\"og:image:height\" content=\"321\" \/>\n\t<meta property=\"og:image:type\" content=\"image\/png\" \/>\n<meta name=\"twitter:card\" content=\"summary_large_image\" \/>\n<script type=\"application\/ld+json\" class=\"yoast-schema-graph\">{\"@context\":\"https:\\\/\\\/schema.org\",\"@graph\":[{\"@type\":\"WebPage\",\"@id\":\"https:\\\/\\\/www.barapark.es\\\/de\\\/restaurants\\\/diskothek\\\/\",\"url\":\"https:\\\/\\\/www.barapark.es\\\/de\\\/restaurants\\\/diskothek\\\/\",\"name\":\"Diskothek - Playa Bara - Camping - Caravaning - Bungalows - Spa\",\"isPartOf\":{\"@id\":\"https:\\\/\\\/www.barapark.es\\\/de\\\/#website\"},\"primaryImageOfPage\":{\"@id\":\"https:\\\/\\\/www.barapark.es\\\/de\\\/restaurants\\\/diskothek\\\/#primaryimage\"},\"image\":{\"@id\":\"https:\\\/\\\/www.barapark.es\\\/de\\\/restaurants\\\/diskothek\\\/#primaryimage\"},\"thumbnailUrl\":\"https:\\\/\\\/www.barapark.es\\\/wp-content\\\/uploads\\\/2024\\\/07\\\/LOGO-DISCOTECA-e1721125699440.png\",\"datePublished\":\"2024-03-05T15:22:54+00:00\",\"dateModified\":\"2025-06-19T15:27:04+00:00\",\"description\":\"Disfruta de la mejor discoteca para tus noches de verano con m\u00fasica, espect\u00e1culos y un ambiente inigualable.\",\"breadcrumb\":{\"@id\":\"https:\\\/\\\/www.barapark.es\\\/de\\\/restaurants\\\/diskothek\\\/#breadcrumb\"},\"inLanguage\":\"de\",\"potentialAction\":[{\"@type\":\"ReadAction\",\"target\":[\"https:\\\/\\\/www.barapark.es\\\/de\\\/restaurants\\\/diskothek\\\/\"]}]},{\"@type\":\"ImageObject\",\"inLanguage\":\"de\",\"@id\":\"https:\\\/\\\/www.barapark.es\\\/de\\\/restaurants\\\/diskothek\\\/#primaryimage\",\"url\":\"https:\\\/\\\/www.barapark.es\\\/wp-content\\\/uploads\\\/2024\\\/07\\\/LOGO-DISCOTECA-e1721125699440.png\",\"contentUrl\":\"https:\\\/\\\/www.barapark.es\\\/wp-content\\\/uploads\\\/2024\\\/07\\\/LOGO-DISCOTECA-e1721125699440.png\"},{\"@type\":\"BreadcrumbList\",\"@id\":\"https:\\\/\\\/www.barapark.es\\\/de\\\/restaurants\\\/diskothek\\\/#breadcrumb\",\"itemListElement\":[{\"@type\":\"ListItem\",\"position\":1,\"name\":\"Portada\",\"item\":\"https:\\\/\\\/www.barapark.es\\\/de\\\/start\\\/\"},{\"@type\":\"ListItem\",\"position\":2,\"name\":\"Restaurants\",\"item\":\"https:\\\/\\\/www.barapark.es\\\/de\\\/restaurants\\\/\"},{\"@type\":\"ListItem\",\"position\":3,\"name\":\"Diskothek\"}]},{\"@type\":\"WebSite\",\"@id\":\"https:\\\/\\\/www.barapark.es\\\/de\\\/#website\",\"url\":\"https:\\\/\\\/www.barapark.es\\\/de\\\/\",\"name\":\"Playa Bara - Camping - Caravaning - Bungalows - Spa\",\"description\":\"\",\"potentialAction\":[{\"@type\":\"SearchAction\",\"target\":{\"@type\":\"EntryPoint\",\"urlTemplate\":\"https:\\\/\\\/www.barapark.es\\\/de\\\/?s={search_term_string}\"},\"query-input\":{\"@type\":\"PropertyValueSpecification\",\"valueRequired\":true,\"valueName\":\"search_term_string\"}}],\"inLanguage\":\"de\"}]}<\/script>\n<!-- \/ Yoast SEO Premium plugin. -->","yoast_head_json":{"title":"Diskothek - Playa Bara - Camping - Caravaning - Bungalows - Spa","description":"Disfruta de la mejor discoteca para tus noches de verano con m\u00fasica, espect\u00e1culos y un ambiente inigualable.","robots":{"index":"index","follow":"follow","max-snippet":"max-snippet:-1","max-image-preview":"max-image-preview:large","max-video-preview":"max-video-preview:-1"},"canonical":"https:\/\/www.barapark.es\/de\/restaurants\/diskothek\/","og_locale":"de_DE","og_type":"article","og_title":"Diskothek","og_description":"Disfruta de la mejor discoteca para tus noches de verano con m\u00fasica, espect\u00e1culos y un ambiente inigualable.","og_url":"https:\/\/www.barapark.es\/de\/restaurants\/diskothek\/","og_site_name":"Playa Bara - Camping - Caravaning - Bungalows - Spa","article_modified_time":"2025-06-19T15:27:04+00:00","og_image":[{"width":400,"height":321,"url":"https:\/\/www.barapark.es\/wp-content\/uploads\/2024\/07\/LOGO-DISCOTECA-e1721125699440.png","type":"image\/png"}],"twitter_card":"summary_large_image","schema":{"@context":"https:\/\/schema.org","@graph":[{"@type":"WebPage","@id":"https:\/\/www.barapark.es\/de\/restaurants\/diskothek\/","url":"https:\/\/www.barapark.es\/de\/restaurants\/diskothek\/","name":"Diskothek - Playa Bara - Camping - Caravaning - Bungalows - Spa","isPartOf":{"@id":"https:\/\/www.barapark.es\/de\/#website"},"primaryImageOfPage":{"@id":"https:\/\/www.barapark.es\/de\/restaurants\/diskothek\/#primaryimage"},"image":{"@id":"https:\/\/www.barapark.es\/de\/restaurants\/diskothek\/#primaryimage"},"thumbnailUrl":"https:\/\/www.barapark.es\/wp-content\/uploads\/2024\/07\/LOGO-DISCOTECA-e1721125699440.png","datePublished":"2024-03-05T15:22:54+00:00","dateModified":"2025-06-19T15:27:04+00:00","description":"Disfruta de la mejor discoteca para tus noches de verano con m\u00fasica, espect\u00e1culos y un ambiente inigualable.","breadcrumb":{"@id":"https:\/\/www.barapark.es\/de\/restaurants\/diskothek\/#breadcrumb"},"inLanguage":"de","potentialAction":[{"@type":"ReadAction","target":["https:\/\/www.barapark.es\/de\/restaurants\/diskothek\/"]}]},{"@type":"ImageObject","inLanguage":"de","@id":"https:\/\/www.barapark.es\/de\/restaurants\/diskothek\/#primaryimage","url":"https:\/\/www.barapark.es\/wp-content\/uploads\/2024\/07\/LOGO-DISCOTECA-e1721125699440.png","contentUrl":"https:\/\/www.barapark.es\/wp-content\/uploads\/2024\/07\/LOGO-DISCOTECA-e1721125699440.png"},{"@type":"BreadcrumbList","@id":"https:\/\/www.barapark.es\/de\/restaurants\/diskothek\/#breadcrumb","itemListElement":[{"@type":"ListItem","position":1,"name":"Portada","item":"https:\/\/www.barapark.es\/de\/start\/"},{"@type":"ListItem","position":2,"name":"Restaurants","item":"https:\/\/www.barapark.es\/de\/restaurants\/"},{"@type":"ListItem","position":3,"name":"Diskothek"}]},{"@type":"WebSite","@id":"https:\/\/www.barapark.es\/de\/#website","url":"https:\/\/www.barapark.es\/de\/","name":"Playa Bara - Camping - Caravaning - Bungalows - Spa","description":"","potentialAction":[{"@type":"SearchAction","target":{"@type":"EntryPoint","urlTemplate":"https:\/\/www.barapark.es\/de\/?s={search_term_string}"},"query-input":{"@type":"PropertyValueSpecification","valueRequired":true,"valueName":"search_term_string"}}],"inLanguage":"de"}]}},"_links":{"self":[{"href":"https:\/\/www.barapark.es\/de\/wp-json\/wp\/v2\/pages\/8107","targetHints":{"allow":["GET"]}}],"collection":[{"href":"https:\/\/www.barapark.es\/de\/wp-json\/wp\/v2\/pages"}],"about":[{"href":"https:\/\/www.barapark.es\/de\/wp-json\/wp\/v2\/types\/page"}],"author":[{"embeddable":true,"href":"https:\/\/www.barapark.es\/de\/wp-json\/wp\/v2\/users\/1"}],"replies":[{"embeddable":true,"href":"https:\/\/www.barapark.es\/de\/wp-json\/wp\/v2\/comments?post=8107"}],"version-history":[{"count":13,"href":"https:\/\/www.barapark.es\/de\/wp-json\/wp\/v2\/pages\/8107\/revisions"}],"predecessor-version":[{"id":14728,"href":"https:\/\/www.barapark.es\/de\/wp-json\/wp\/v2\/pages\/8107\/revisions\/14728"}],"up":[{"embeddable":true,"href":"https:\/\/www.barapark.es\/de\/wp-json\/wp\/v2\/pages\/8069"}],"wp:attachment":[{"href":"https:\/\/www.barapark.es\/de\/wp-json\/wp\/v2\/media?parent=8107"}],"curies":[{"name":"wp","href":"https:\/\/api.w.org\/{rel}","templated":true}]}}